{"id":95,"date":"2014-11-26T18:30:49","date_gmt":"2014-11-26T18:30:49","guid":{"rendered":"http:\/\/www.mnkystudio.com\/care\/?page_id=95"},"modified":"2025-10-16T21:00:09","modified_gmt":"2025-10-16T19:00:09","slug":"about-us","status":"publish","type":"page","link":"https:\/\/redent.lv\/ru\/about-us\/","title":{"rendered":"\u041e \u043d\u0430\u0441"},"content":{"rendered":"<div class=\"wpb-content-wrapper\"><p><\/p>\n<p>[vc_row full_content_width=&#187;row-inner-full&#187; textalign=&#187;center&#187; top=&#187;0px&#187; bottom=&#187;0px&#187; bg_color=&#187;#f7f7f7&#8243;][vc_column width=&#187;1\/2&#8243; css=&#187;.vc_custom_1525649153625{padding-right: 40px !important;padding-left: 40px !important;background: #f7f7f7 url(http:\/\/redent.tecco.lv\/wp-content\/uploads\/2018\/04\/Reception_2.jpg?id=3207) !important;background-position: center !important;background-repeat: no-repeat !important;background-size: cover !important;}&#187; el_class=&#187;man-position&#187; offset=&#187;vc_col-lg-6 vc_col-md-12 vc_col-xs-12&#8243;][vc_single_image image=&#187;3415&#8243; img_size=&#187;full&#187; alignment=&#187;right&#187;][\/vc_column][vc_column width=&#187;1\/2&#8243; offset=&#187;vc_col-lg-6 vc_col-md-12 vc_col-xs-12&#8243; css=&#187;.vc_custom_1525649148909{padding-right: 100px !important;padding-left: 100px !important;}&#187;][vc_empty_space height=&#187;50px&#187;][vc_column_text css=&#187;.vc_custom_1526337700179{margin-bottom: 50px !important;}&#187;]<span style=\"font-size: 14pt;\">\u041a\u043b\u0438\u043d\u0438\u043a\u0430 \u00ab<span style=\"color: #806d7e;\"><strong>ReDent<\/strong><\/span>\u00bb \u0441\u043e\u0437\u0434\u0430\u043d\u0430, \u043e\u0431\u044a\u0435\u0434\u0438\u043d\u0438\u0432 \u0432 \u0441\u0435\u0431\u0435 \u043e\u0442\u043b\u0438\u0447\u043d\u044b\u0435 \u0442\u0435\u043e\u0440\u0435\u0442\u0438\u0447\u0435\u0441\u043a\u0438\u0435 \u0437\u043d\u0430\u043d\u0438\u044f \u0441 \u043f\u0440\u0430\u043a\u0442\u0438\u0447\u0435\u0441\u043a\u0438\u043c \u043e\u043f\u044b\u0442\u043e\u043c \u0432 \u0441\u0442\u043e\u043c\u0430\u0442\u043e\u043b\u043e\u0433\u0438\u0438. \u0420\u0430\u0431\u043e\u0442\u0430\u044e\u0449\u0438\u0435 \u0432 \u043a\u043b\u0438\u043d\u0438\u043a\u0435 \u0441\u043f\u0435\u0446\u0438\u0430\u043b\u0438\u0441\u0442\u044b \u0441\u043f\u043e\u0441\u043e\u0431\u043d\u044b \u043e\u0431\u0435\u0441\u043f\u0435\u0447\u0438\u0442\u044c \u043f\u0430\u0446\u0438\u0435\u043d\u0442\u0430\u043c \u043b\u0435\u0447\u0435\u043d\u0438\u0435 \u0432\u0441\u0435\u0445 \u0432\u0438\u0434\u043e\u0432 \u0432 \u0441\u043e\u0432\u0440\u0435\u043c\u0435\u043d\u043d\u043e \u0438 \u044d\u043b\u0435\u0433\u0430\u043d\u0442\u043d\u043e \u043e\u0431\u043e\u0440\u0443\u0434\u043e\u0432\u0430\u043d\u043d\u044b\u0445 \u043a\u0430\u0431\u0438\u043d\u0435\u0442\u0430\u0445, \u0438\u0441\u043f\u043e\u043b\u044c\u0437\u0443\u044f \u0434\u0438\u0430\u0433\u043d\u043e\u0441\u0442\u0438\u0447\u0435\u0441\u043a\u0438\u0435 \u0438 \u043b\u0435\u0447\u0435\u0431\u043d\u044b\u0435 \u0442\u0435\u0445\u043d\u043e\u043b\u043e\u0433\u0438\u0438 \u043d\u043e\u0432\u043e\u0433\u043e \u043f\u043e\u043a\u043e\u043b\u0435\u043d\u0438\u044f.<\/span>[\/vc_column_text][vc_column_text css=&#187;.vc_custom_1526337716722{margin-bottom: 50px !important;}&#187;]<span style=\"font-size: 14pt;\">\u0412 \u0441\u043e\u0442\u0440\u0443\u0434\u043d\u0438\u0447\u0435\u0441\u0442\u0432\u0435 \u0441 \u043a\u043e\u043b\u043b\u0435\u0433\u0430\u043c\u0438 \u0438\u0437 \u041b\u0430\u0442\u0432\u0438\u0438 \u0438 \u0434\u0440\u0443\u0433\u0438\u0445 \u0441\u0442\u0440\u0430\u043d, \u043c\u044b \u043f\u0440\u0438\u043d\u0438\u043c\u0430\u0435\u043c \u0443\u0447\u0430\u0441\u0442\u0438\u0435 \u0432 \u043f\u0440\u043e\u0446\u0435\u0441\u0441\u0435 \u043f\u043e\u0434\u0433\u043e\u0442\u043e\u0432\u043a\u0438 \u043d\u043e\u0432\u0435\u0439\u0448\u0438\u0445 \u043c\u0435\u0442\u043e\u0434\u043e\u0432 \u043e\u0431\u0443\u0447\u0435\u043d\u0438\u044f. \u0412\u0440\u0430\u0447\u0438 \u043a\u043b\u0438\u043d\u0438\u043a\u0438 \u0443\u0447\u0430\u0441\u0442\u0432\u0443\u044e\u0442 \u0432 \u043e\u0431\u0443\u0447\u0435\u043d\u0438\u0438 \u0438 \u0438\u043d\u0444\u043e\u0440\u043c\u0438\u0440\u043e\u0432\u0430\u043d\u0438\u0438 \u043e\u0431\u0449\u0435\u0441\u0442\u0432\u0430 \u043f\u043e \u0430\u043a\u0442\u0443\u0430\u043b\u044c\u043d\u044b\u043c \u0442\u0435\u043c\u0430\u043c \u0432 \u0441\u0442\u043e\u043c\u0430\u0442\u043e\u043b\u043e\u0433\u0438\u0438.<\/span>[\/vc_column_text][vc_column_text]<span style=\"font-size: 14pt;\">\u041e\u0431\u0441\u043b\u0443\u0436\u0438\u0432\u0430\u0435\u043c \u043f\u0430\u0446\u0438\u0435\u043d\u0442\u043e\u0432 \u0441\u043e \u0441\u0442\u0440\u0430\u0445\u043e\u0432\u044b\u043c\u0438 \u043f\u043e\u043b\u044e\u0441\u0430\u043c\u0438 \u043e\u0442 \u043b\u044e\u0431\u044b\u0445 \u0444\u0438\u0440\u043c, \u0432 \u043a\u043e\u0442\u043e\u0440\u044b\u0435 \u0432\u0445\u043e\u0434\u044f\u0442 \u0443\u0441\u043b\u0443\u0433\u0438 \u0441\u0442\u043e\u043c\u0430\u0442\u043e\u043b\u043e\u0433\u0438\u0438.<\/span>[\/vc_column_text][vc_empty_space height=&#187;50px&#187;][vc_column_text]<a href=\"https:\/\/www.facebook.com\/SIA-ReDent-229075177461184\/\"><strong>M\u016bsu kl\u012bnikas jaunumiem un aktualit\u0101t\u0113m , l\u016bdzu sekojiet Redent Facebook lapai!<\/strong>\u00a0\u00a0<img loading=\"lazy\" decoding=\"async\" class=\"alignnone size-full wp-image-3391\" src=\"http:\/\/redent.lv\/wp-content\/uploads\/2018\/09\/facebook-big.png\" alt=\"\" width=\"24\" height=\"24\" \/><\/a>[\/vc_column_text][\/vc_column][\/vc_row]<\/p>\n<p><\/p>\n<\/div>","protected":false},"excerpt":{"rendered":"<p>[vc_row full_content_width=&#187;row-inner-full&#187; textalign=&#187;center&#187; top=&#187;0px&#187; bottom=&#187;0px&#187; bg_color=&#187;#f7f7f7&#8243;][vc_column width=&#187;1\/2&#8243; css=&#187;.vc_custom_1525649153625{padding-right: 40px !important;padding-left: 40px !important;background: #f7f7f7 url(http:\/\/redent.tecco.lv\/wp-content\/uploads\/2018\/04\/Reception_2.jpg?id=3207) !important;background-position: center !important;background-repeat: no-repeat !important;background-size: cover !important;}&#187; el_class=&#187;man-position&#187; offset=&#187;vc_col-lg-6 vc_col-md-12 vc_col-xs-12&#8243;][vc_single_image image=&#187;3415&#8243; img_size=&#187;full&#187; alignment=&#187;right&#187;][\/vc_column][vc_column width=&#187;1\/2&#8243; offset=&#187;vc_col-lg-6 vc_col-md-12 vc_col-xs-12&#8243; css=&#187;.vc_custom_1525649148909{padding-right: 100px !important;padding-left: 100px !important;}&#187;][vc_empty_space height=&#187;50px&#187;][vc_column_text css=&#187;.vc_custom_1526337700179{margin-bottom: 50px !important;}&#187;]\u041a\u043b\u0438\u043d\u0438\u043a\u0430 \u00abReDent\u00bb \u0441\u043e\u0437\u0434\u0430\u043d\u0430, \u043e\u0431\u044a\u0435\u0434\u0438\u043d\u0438\u0432 \u0432 \u0441\u0435\u0431\u0435 \u043e\u0442\u043b\u0438\u0447\u043d\u044b\u0435 \u0442\u0435\u043e\u0440\u0435\u0442\u0438\u0447\u0435\u0441\u043a\u0438\u0435 \u0437\u043d\u0430\u043d\u0438\u044f \u0441 \u043f\u0440\u0430\u043a\u0442\u0438\u0447\u0435\u0441\u043a\u0438\u043c \u043e\u043f\u044b\u0442\u043e\u043c \u0432 \u0441\u0442\u043e\u043c\u0430\u0442\u043e\u043b\u043e\u0433\u0438\u0438. \u0420\u0430\u0431\u043e\u0442\u0430\u044e\u0449\u0438\u0435 [&hellip;]<\/p>\n","protected":false},"author":1,"featured_media":0,"parent":0,"menu_order":0,"comment_status":"open","ping_status":"open","template":"page-full-width.php","meta":{"footnotes":""},"class_list":["post-95","page","type-page","status-publish","hentry"],"_links":{"self":[{"href":"https:\/\/redent.lv\/ru\/wp-json\/wp\/v2\/pages\/95","targetHints":{"allow":["GET"]}}],"collection":[{"href":"https:\/\/redent.lv\/ru\/wp-json\/wp\/v2\/pages"}],"about":[{"href":"https:\/\/redent.lv\/ru\/wp-json\/wp\/v2\/types\/page"}],"author":[{"embeddable":true,"href":"https:\/\/redent.lv\/ru\/wp-json\/wp\/v2\/users\/1"}],"replies":[{"embeddable":true,"href":"https:\/\/redent.lv\/ru\/wp-json\/wp\/v2\/comments?post=95"}],"version-history":[{"count":70,"href":"https:\/\/redent.lv\/ru\/wp-json\/wp\/v2\/pages\/95\/revisions"}],"predecessor-version":[{"id":3835,"href":"https:\/\/redent.lv\/ru\/wp-json\/wp\/v2\/pages\/95\/revisions\/3835"}],"wp:attachment":[{"href":"https:\/\/redent.lv\/ru\/wp-json\/wp\/v2\/media?parent=95"}],"curies":[{"name":"wp","href":"https:\/\/api.w.org\/{rel}","templated":true}]}}